{"id":49,"date":"2023-06-04T17:43:15","date_gmt":"2023-06-04T17:43:15","guid":{"rendered":"https:\/\/hunlease.hu\/wordpress\/?page_id=49"},"modified":"2023-06-04T17:48:10","modified_gmt":"2023-06-04T17:48:10","slug":"hirek","status":"publish","type":"page","link":"https:\/\/hunlease.hu\/wordpress\/hirek\/","title":{"rendered":"H\u00edrek"},"content":{"rendered":"\t\t<div data-elementor-type=\"wp-page\" data-elementor-id=\"49\" class=\"elementor elementor-49\">\n\t\t\t\t\t\t<section class=\"elementor-section elementor-top-section elementor-element elementor-element-7e937d7 elementor-section-boxed elementor-section-height-default elementor-section-height-default\" data-id=\"7e937d7\" data-element_type=\"section\" data-e-type=\"section\">\n\t\t\t\t\t\t<div class=\"elementor-container elementor-column-gap-default\">\n\t\t\t\t\t<div class=\"elementor-column elementor-col-33 elementor-top-column elementor-element elementor-element-df04c4e\" data-id=\"df04c4e\" data-element_type=\"column\" data-e-type=\"column\">\n\t\t\t<div class=\"elementor-widget-wrap elementor-element-populated\">\n\t\t\t\t\t\t<div class=\"elementor-element elementor-element-39bf97c elementor-widget elementor-widget-image\" data-id=\"39bf97c\" data-element_type=\"widget\" data-e-type=\"widget\" data-widget_type=\"image.default\">\n\t\t\t\t<div class=\"elementor-widget-container\">\n\t\t\t\t\t\t\t\t\t\t\t\t\t\t\t<img fetchpriority=\"high\" decoding=\"async\" width=\"300\" height=\"200\" src=\"https:\/\/hunlease.hu\/wordpress\/wp-content\/uploads\/2023\/06\/brandable-box-yW9jdBmE1BY-unsplash-300x200.jpg\" class=\"attachment-medium size-medium wp-image-57\" alt=\"\" srcset=\"https:\/\/hunlease.hu\/wordpress\/wp-content\/uploads\/2023\/06\/brandable-box-yW9jdBmE1BY-unsplash-300x200.jpg 300w, https:\/\/hunlease.hu\/wordpress\/wp-content\/uploads\/2023\/06\/brandable-box-yW9jdBmE1BY-unsplash-1024x683.jpg 1024w, https:\/\/hunlease.hu\/wordpress\/wp-content\/uploads\/2023\/06\/brandable-box-yW9jdBmE1BY-unsplash-768x512.jpg 768w, https:\/\/hunlease.hu\/wordpress\/wp-content\/uploads\/2023\/06\/brandable-box-yW9jdBmE1BY-unsplash-1536x1024.jpg 1536w, https:\/\/hunlease.hu\/wordpress\/wp-content\/uploads\/2023\/06\/brandable-box-yW9jdBmE1BY-unsplash-2048x1365.jpg 2048w\" sizes=\"(max-width: 300px) 100vw, 300px\" \/>\t\t\t\t\t\t\t\t\t\t\t\t\t\t\t<\/div>\n\t\t\t\t<\/div>\n\t\t\t\t\t<\/div>\n\t\t<\/div>\n\t\t\t\t<div class=\"elementor-column elementor-col-66 elementor-top-column elementor-element elementor-element-d264617\" data-id=\"d264617\" data-element_type=\"column\" data-e-type=\"column\">\n\t\t\t<div class=\"elementor-widget-wrap elementor-element-populated\">\n\t\t\t\t\t\t<div class=\"elementor-element elementor-element-510f557 elementor-widget elementor-widget-heading\" data-id=\"510f557\" data-element_type=\"widget\" data-e-type=\"widget\" data-widget_type=\"heading.default\">\n\t\t\t\t<div class=\"elementor-widget-container\">\n\t\t\t\t\t<h2 class=\"elementor-heading-title elementor-size-default\">Elk\u00f6lt\u00f6zt\u00fcnk! V\u00e1ltozott a postac\u00edm\u00fcnk \u00e9s az \u00fcgyf\u00e9lszolg\u00e1latunk el\u00e9rhet\u0151s\u00e9ge<\/h2>\t\t\t\t<\/div>\n\t\t\t\t<\/div>\n\t\t\t\t<div class=\"elementor-element elementor-element-8efc091 elementor-widget elementor-widget-text-editor\" data-id=\"8efc091\" data-element_type=\"widget\" data-e-type=\"widget\" data-widget_type=\"text-editor.default\">\n\t\t\t\t<div class=\"elementor-widget-container\">\n\t\t\t\t\t\t\t\t\t<p>Postac\u00edm\u00fcnk \u00e9s egyben az \u00fcgyf\u00e9lszolg\u00e1latunk c\u00edme megv\u00e1ltozott.<br \/><b>Az \u00faj c\u00edm\u00fcnk: 1096 Budapest, Lenhoss\u00e9k u. 30. Fsz. 2.<\/b><br \/>Telefonos el\u00e9rhet\u0151s\u00e9g\u00fcnk \u00e9s email c\u00edmeink v\u00e1ltozatlanok.<\/p>\t\t\t\t\t\t\t\t<\/div>\n\t\t\t\t<\/div>\n\t\t\t\t\t<\/div>\n\t\t<\/div>\n\t\t\t\t\t<\/div>\n\t\t<\/section>\n\t\t\t\t<section class=\"elementor-section elementor-top-section elementor-element elementor-element-ea5bdc7 elementor-section-boxed elementor-section-height-default elementor-section-height-default\" data-id=\"ea5bdc7\" data-element_type=\"section\" data-e-type=\"section\">\n\t\t\t\t\t\t<div class=\"elementor-container elementor-column-gap-default\">\n\t\t\t\t\t<div class=\"elementor-column elementor-col-100 elementor-top-column elementor-element elementor-element-3bdedde\" data-id=\"3bdedde\" data-element_type=\"column\" data-e-type=\"column\">\n\t\t\t<div class=\"elementor-widget-wrap elementor-element-populated\">\n\t\t\t\t\t\t<div class=\"elementor-element elementor-element-042122f elementor-widget elementor-widget-spacer\" data-id=\"042122f\" data-element_type=\"widget\" data-e-type=\"widget\" data-widget_type=\"spacer.default\">\n\t\t\t\t<div class=\"elementor-widget-container\">\n\t\t\t\t\t\t\t<div class=\"elementor-spacer\">\n\t\t\t<div class=\"elementor-spacer-inner\"><\/div>\n\t\t<\/div>\n\t\t\t\t\t\t<\/div>\n\t\t\t\t<\/div>\n\t\t\t\t\t<\/div>\n\t\t<\/div>\n\t\t\t\t\t<\/div>\n\t\t<\/section>\n\t\t\t\t<section class=\"elementor-section elementor-top-section elementor-element elementor-element-6150359 elementor-section-boxed elementor-section-height-default elementor-section-height-default\" data-id=\"6150359\" data-element_type=\"section\" data-e-type=\"section\">\n\t\t\t\t\t\t<div class=\"elementor-container elementor-column-gap-default\">\n\t\t\t\t\t<div class=\"elementor-column elementor-col-66 elementor-top-column elementor-element elementor-element-e8daf9b\" data-id=\"e8daf9b\" data-element_type=\"column\" data-e-type=\"column\">\n\t\t\t<div class=\"elementor-widget-wrap elementor-element-populated\">\n\t\t\t\t\t\t<div class=\"elementor-element elementor-element-7f33911 elementor-widget elementor-widget-heading\" data-id=\"7f33911\" data-element_type=\"widget\" data-e-type=\"widget\" data-widget_type=\"heading.default\">\n\t\t\t\t<div class=\"elementor-widget-container\">\n\t\t\t\t\t<h2 class=\"elementor-heading-title elementor-size-default\">Kieg\u00e9sz\u00edt\u0151 inform\u00e1ci\u00f3 a morat\u00f3riummal kapcsolatosan<\/h2>\t\t\t\t<\/div>\n\t\t\t\t<\/div>\n\t\t\t\t<div class=\"elementor-element elementor-element-0d44487 elementor-widget elementor-widget-text-editor\" data-id=\"0d44487\" data-element_type=\"widget\" data-e-type=\"widget\" data-widget_type=\"text-editor.default\">\n\t\t\t\t<div class=\"elementor-widget-container\">\n\t\t\t\t\t\t\t\t\t<p>2020. m\u00e1rcius 18-\u00e1n a Korm\u00e1ny kihirdette a koronav\u00edrus vil\u00e1gj\u00e1rv\u00e1ny nemzetgazdas\u00e1got \u00e9rint\u0151 hat\u00e1s\u00e1nak enyh\u00edt\u00e9se \u00e9rdek\u00e9ben sz\u00fcks\u00e9ges azonnali int\u00e9zked\u00e9sekr\u0151l sz\u00f3l\u00f3 47\/2020. (III. 18.) Korm. rendeletet.\u00a0<\/p><p>Ennek \u00e9rtelm\u00e9ben a vesz\u00e9lyhelyzet fenn\u00e1ll\u00e1sa alatt \u00fcgyfeleink a k\u00f6lcs\u00f6n-, illetve p\u00e9nz\u00fcgyi l\u00edzingszerz\u0151d\u00e9sb\u0151l ered\u0151 t\u0151ke-, kamat-, illetve d\u00edjfizet\u00e9si k\u00f6telezetts\u00e9geik teljes\u00edt\u00e9s\u00e9re fizet\u00e9si halad\u00e9kot kapnak (a tov\u00e1bbiakban: fizet\u00e9si morat\u00f3rium). A fizet\u00e9si morat\u00f3rium 2020. december 31-ig tart, amelynek meghosszabb\u00edt\u00e1s\u00e1ra a Korm\u00e1ny rendelet\u00e9vel jogosult.\u00a0<\/p><p><b>D\u00f6nthet \u00fagy, hogy <u>nem k\u00edv\u00e1n \u00e9lni a fizet\u00e9si morat\u00f3rium adta lehet\u0151s\u00e9ggel<\/u>,ebben az esetben az al\u00e1bbi \u0171rlapot t\u00f6ltse ki, majd \u00edrja al\u00e1.<\/b>\u00a0<\/p><p><b>K\u00fcldje el finansz\u00edroz\u00f3ja \u00fcgyf\u00e9lszolg\u00e1lat\u00e1ra vagy abban az esetben nek\u00fcnk is elk\u00fcldheti, ha a szerz\u0151d\u00e9se l\u00e9trej\u00f6tt\u00e9ben k\u00f6zrem\u0171k\u00f6dt\u00fcnk.\u00a0<\/b><\/p><p>A fizet\u00e9si morat\u00f3riumb\u00f3l val\u00f3 kil\u00e9p\u00e9sre tett nyilatkozatot <b><u>b\u00e1rmikor visszavonhatja<\/u><\/b>, amelyet k\u00f6vet\u0151en \u00fajra mentes\u00fclhet a t\u00f6rleszt\u0151r\u00e9szletek fizet\u00e9se al\u00f3l.<\/p>\t\t\t\t\t\t\t\t<\/div>\n\t\t\t\t<\/div>\n\t\t\t\t\t<\/div>\n\t\t<\/div>\n\t\t\t\t<div class=\"elementor-column elementor-col-33 elementor-top-column elementor-element elementor-element-d1f56d7\" data-id=\"d1f56d7\" data-element_type=\"column\" data-e-type=\"column\">\n\t\t\t<div class=\"elementor-widget-wrap elementor-element-populated\">\n\t\t\t\t\t\t<div class=\"elementor-element elementor-element-1e4f85d elementor-widget elementor-widget-image\" data-id=\"1e4f85d\" data-element_type=\"widget\" data-e-type=\"widget\" data-widget_type=\"image.default\">\n\t\t\t\t<div class=\"elementor-widget-container\">\n\t\t\t\t\t\t\t\t\t\t\t\t\t\t\t<img decoding=\"async\" width=\"768\" height=\"671\" src=\"https:\/\/hunlease.hu\/wordpress\/wp-content\/uploads\/2023\/06\/waldemar-RGumRVmV0MY-unsplash-768x671.jpg\" class=\"attachment-medium_large size-medium_large wp-image-52\" alt=\"\" srcset=\"https:\/\/hunlease.hu\/wordpress\/wp-content\/uploads\/2023\/06\/waldemar-RGumRVmV0MY-unsplash-768x671.jpg 768w, https:\/\/hunlease.hu\/wordpress\/wp-content\/uploads\/2023\/06\/waldemar-RGumRVmV0MY-unsplash-300x262.jpg 300w, https:\/\/hunlease.hu\/wordpress\/wp-content\/uploads\/2023\/06\/waldemar-RGumRVmV0MY-unsplash-1024x895.jpg 1024w, https:\/\/hunlease.hu\/wordpress\/wp-content\/uploads\/2023\/06\/waldemar-RGumRVmV0MY-unsplash-1536x1342.jpg 1536w, https:\/\/hunlease.hu\/wordpress\/wp-content\/uploads\/2023\/06\/waldemar-RGumRVmV0MY-unsplash-2048x1790.jpg 2048w\" sizes=\"(max-width: 768px) 100vw, 768px\" \/>\t\t\t\t\t\t\t\t\t\t\t\t\t\t\t<\/div>\n\t\t\t\t<\/div>\n\t\t\t\t\t<\/div>\n\t\t<\/div>\n\t\t\t\t\t<\/div>\n\t\t<\/section>\n\t\t\t\t<\/div>\n\t\t","protected":false},"excerpt":{"rendered":"<p>Elk\u00f6lt\u00f6zt\u00fcnk! V\u00e1ltozott a postac\u00edm\u00fcnk \u00e9s az \u00fcgyf\u00e9lszolg\u00e1latunk el\u00e9rhet\u0151s\u00e9ge Postac\u00edm\u00fcnk \u00e9s egyben az \u00fcgyf\u00e9lszolg\u00e1latunk c\u00edme megv\u00e1ltozott.Az \u00faj c\u00edm\u00fcnk: 1096 Budapest, Lenhoss\u00e9k u. 30. Fsz. 2.Telefonos el\u00e9rhet\u0151s\u00e9g\u00fcnk \u00e9s email c\u00edmeink v\u00e1ltozatlanok. Kieg\u00e9sz\u00edt\u0151 inform\u00e1ci\u00f3 a morat\u00f3riummal kapcsolatosan 2020. m\u00e1rcius 18-\u00e1n a Korm\u00e1ny kihirdette a koronav\u00edrus vil\u00e1gj\u00e1rv\u00e1ny nemzetgazdas\u00e1got \u00e9rint\u0151 hat\u00e1s\u00e1nak enyh\u00edt\u00e9se \u00e9rdek\u00e9ben sz\u00fcks\u00e9ges azonnali [&hellip;]<\/p>\n","protected":false},"author":1,"featured_media":0,"parent":0,"menu_order":0,"comment_status":"closed","ping_status":"closed","template":"","meta":{"footnotes":""},"class_list":["post-49","page","type-page","status-publish","hentry"],"_links":{"self":[{"href":"https:\/\/hunlease.hu\/wordpress\/wp-json\/wp\/v2\/pages\/49","targetHints":{"allow":["GET"]}}],"collection":[{"href":"https:\/\/hunlease.hu\/wordpress\/wp-json\/wp\/v2\/pages"}],"about":[{"href":"https:\/\/hunlease.hu\/wordpress\/wp-json\/wp\/v2\/types\/page"}],"author":[{"embeddable":true,"href":"https:\/\/hunlease.hu\/wordpress\/wp-json\/wp\/v2\/users\/1"}],"replies":[{"embeddable":true,"href":"https:\/\/hunlease.hu\/wordpress\/wp-json\/wp\/v2\/comments?post=49"}],"version-history":[{"count":7,"href":"https:\/\/hunlease.hu\/wordpress\/wp-json\/wp\/v2\/pages\/49\/revisions"}],"predecessor-version":[{"id":60,"href":"https:\/\/hunlease.hu\/wordpress\/wp-json\/wp\/v2\/pages\/49\/revisions\/60"}],"wp:attachment":[{"href":"https:\/\/hunlease.hu\/wordpress\/wp-json\/wp\/v2\/media?parent=49"}],"curies":[{"name":"wp","href":"https:\/\/api.w.org\/{rel}","templated":true}]}}