{"id":84,"date":"2023-07-24T18:21:49","date_gmt":"2023-07-24T18:21:49","guid":{"rendered":"https:\/\/hunlease.hu\/wordpress\/?page_id=84"},"modified":"2026-02-27T21:42:21","modified_gmt":"2026-02-27T21:42:21","slug":"dokumentumok","status":"publish","type":"page","link":"https:\/\/hunlease.hu\/wordpress\/dokumentumok\/","title":{"rendered":"Dokumentumok"},"content":{"rendered":"\t\t<div data-elementor-type=\"wp-page\" data-elementor-id=\"84\" class=\"elementor elementor-84\">\n\t\t\t\t\t\t<section class=\"elementor-section elementor-top-section elementor-element elementor-element-eb6de72 elementor-section-boxed elementor-section-height-default elementor-section-height-default\" data-id=\"eb6de72\" data-element_type=\"section\" data-e-type=\"section\">\n\t\t\t\t\t\t<div class=\"elementor-container elementor-column-gap-default\">\n\t\t\t\t\t<div class=\"elementor-column elementor-col-20 elementor-top-column elementor-element elementor-element-74bdc0c\" data-id=\"74bdc0c\" data-element_type=\"column\" data-e-type=\"column\">\n\t\t\t<div class=\"elementor-widget-wrap elementor-element-populated\">\n\t\t\t\t\t\t<div class=\"elementor-element elementor-element-710c916 elementor-widget elementor-widget-image\" data-id=\"710c916\" data-element_type=\"widget\" data-e-type=\"widget\" data-widget_type=\"image.default\">\n\t\t\t\t<div class=\"elementor-widget-container\">\n\t\t\t\t\t\t\t\t\t\t\t\t<figure class=\"wp-caption\">\n\t\t\t\t\t\t\t\t\t\t\t<a href=\"https:\/\/hunlease.hu\/wordpress\/wp-content\/uploads\/2023\/08\/Uzletszabalyzat20190201.pdf\" target=\"_blank\">\n\t\t\t\t\t\t\t<img fetchpriority=\"high\" decoding=\"async\" width=\"1024\" height=\"682\" src=\"https:\/\/hunlease.hu\/wordpress\/wp-content\/uploads\/2023\/08\/37005-1024x682.jpg\" class=\"attachment-large size-large wp-image-250\" alt=\"\" srcset=\"https:\/\/hunlease.hu\/wordpress\/wp-content\/uploads\/2023\/08\/37005-1024x682.jpg 1024w, https:\/\/hunlease.hu\/wordpress\/wp-content\/uploads\/2023\/08\/37005-300x200.jpg 300w, https:\/\/hunlease.hu\/wordpress\/wp-content\/uploads\/2023\/08\/37005-768x511.jpg 768w, https:\/\/hunlease.hu\/wordpress\/wp-content\/uploads\/2023\/08\/37005-1536x1022.jpg 1536w, https:\/\/hunlease.hu\/wordpress\/wp-content\/uploads\/2023\/08\/37005-2048x1363.jpg 2048w\" sizes=\"(max-width: 1024px) 100vw, 1024px\" \/>\t\t\t\t\t\t\t\t<\/a>\n\t\t\t\t\t\t\t\t\t\t\t<figcaption class=\"widget-image-caption wp-caption-text\">\u00dczletszab\u00e1lyzat<\/figcaption>\n\t\t\t\t\t\t\t\t\t\t<\/figure>\n\t\t\t\t\t\t\t\t\t<\/div>\n\t\t\t\t<\/div>\n\t\t\t\t\t<\/div>\n\t\t<\/div>\n\t\t\t\t<div class=\"elementor-column elementor-col-20 elementor-top-column elementor-element elementor-element-38dcd5b\" data-id=\"38dcd5b\" data-element_type=\"column\" data-e-type=\"column\">\n\t\t\t<div class=\"elementor-widget-wrap elementor-element-populated\">\n\t\t\t\t\t\t<div class=\"elementor-element elementor-element-0735a74 elementor-widget elementor-widget-image\" data-id=\"0735a74\" data-element_type=\"widget\" data-e-type=\"widget\" data-widget_type=\"image.default\">\n\t\t\t\t<div class=\"elementor-widget-container\">\n\t\t\t\t\t\t\t\t\t\t\t\t<figure class=\"wp-caption\">\n\t\t\t\t\t\t\t\t\t\t\t<a href=\"https:\/\/hunlease.hu\/wordpress\/wp-content\/uploads\/2023\/08\/Panaszkezelesi_szabalyzat20210726.pdf\" target=\"_blank\">\n\t\t\t\t\t\t\t<img fetchpriority=\"high\" decoding=\"async\" width=\"1024\" height=\"682\" src=\"https:\/\/hunlease.hu\/wordpress\/wp-content\/uploads\/2023\/08\/37005-1024x682.jpg\" class=\"attachment-large size-large wp-image-250\" alt=\"\" srcset=\"https:\/\/hunlease.hu\/wordpress\/wp-content\/uploads\/2023\/08\/37005-1024x682.jpg 1024w, https:\/\/hunlease.hu\/wordpress\/wp-content\/uploads\/2023\/08\/37005-300x200.jpg 300w, https:\/\/hunlease.hu\/wordpress\/wp-content\/uploads\/2023\/08\/37005-768x511.jpg 768w, https:\/\/hunlease.hu\/wordpress\/wp-content\/uploads\/2023\/08\/37005-1536x1022.jpg 1536w, https:\/\/hunlease.hu\/wordpress\/wp-content\/uploads\/2023\/08\/37005-2048x1363.jpg 2048w\" sizes=\"(max-width: 1024px) 100vw, 1024px\" \/>\t\t\t\t\t\t\t\t<\/a>\n\t\t\t\t\t\t\t\t\t\t\t<figcaption class=\"widget-image-caption wp-caption-text\">Panaszkezel\u00e9si szab\u00e1lyzat<\/figcaption>\n\t\t\t\t\t\t\t\t\t\t<\/figure>\n\t\t\t\t\t\t\t\t\t<\/div>\n\t\t\t\t<\/div>\n\t\t\t\t\t<\/div>\n\t\t<\/div>\n\t\t\t\t<div class=\"elementor-column elementor-col-20 elementor-top-column elementor-element elementor-element-d62a7d4\" data-id=\"d62a7d4\" data-element_type=\"column\" data-e-type=\"column\">\n\t\t\t<div class=\"elementor-widget-wrap elementor-element-populated\">\n\t\t\t\t\t\t<div class=\"elementor-element elementor-element-ba0cbff elementor-widget elementor-widget-image\" data-id=\"ba0cbff\" data-element_type=\"widget\" data-e-type=\"widget\" data-widget_type=\"image.default\">\n\t\t\t\t<div class=\"elementor-widget-container\">\n\t\t\t\t\t\t\t\t\t\t\t\t<figure class=\"wp-caption\">\n\t\t\t\t\t\t\t\t\t\t\t<a href=\"https:\/\/hunlease.hu\/wordpress\/wp-content\/uploads\/2026\/02\/Megbizasi-szerzodes_bianco-20260218.pdf\" target=\"_blank\">\n\t\t\t\t\t\t\t<img fetchpriority=\"high\" decoding=\"async\" width=\"1024\" height=\"682\" src=\"https:\/\/hunlease.hu\/wordpress\/wp-content\/uploads\/2023\/08\/37005-1024x682.jpg\" class=\"attachment-large size-large wp-image-250\" alt=\"\" srcset=\"https:\/\/hunlease.hu\/wordpress\/wp-content\/uploads\/2023\/08\/37005-1024x682.jpg 1024w, https:\/\/hunlease.hu\/wordpress\/wp-content\/uploads\/2023\/08\/37005-300x200.jpg 300w, https:\/\/hunlease.hu\/wordpress\/wp-content\/uploads\/2023\/08\/37005-768x511.jpg 768w, https:\/\/hunlease.hu\/wordpress\/wp-content\/uploads\/2023\/08\/37005-1536x1022.jpg 1536w, https:\/\/hunlease.hu\/wordpress\/wp-content\/uploads\/2023\/08\/37005-2048x1363.jpg 2048w\" sizes=\"(max-width: 1024px) 100vw, 1024px\" \/>\t\t\t\t\t\t\t\t<\/a>\n\t\t\t\t\t\t\t\t\t\t\t<figcaption class=\"widget-image-caption wp-caption-text\">Megb\u00edz\u00e1si szerz\u0151d\u00e9s<\/figcaption>\n\t\t\t\t\t\t\t\t\t\t<\/figure>\n\t\t\t\t\t\t\t\t\t<\/div>\n\t\t\t\t<\/div>\n\t\t\t\t\t<\/div>\n\t\t<\/div>\n\t\t\t\t<div class=\"elementor-column elementor-col-20 elementor-top-column elementor-element elementor-element-21873a3\" data-id=\"21873a3\" data-element_type=\"column\" data-e-type=\"column\">\n\t\t\t<div class=\"elementor-widget-wrap elementor-element-populated\">\n\t\t\t\t\t\t<div class=\"elementor-element elementor-element-534ebbb elementor-widget elementor-widget-image\" data-id=\"534ebbb\" data-element_type=\"widget\" data-e-type=\"widget\" data-widget_type=\"image.default\">\n\t\t\t\t<div class=\"elementor-widget-container\">\n\t\t\t\t\t\t\t\t\t\t\t\t<figure class=\"wp-caption\">\n\t\t\t\t\t\t\t\t\t\t\t<a href=\"https:\/\/hunlease.hu\/wordpress\/wp-content\/uploads\/2026\/02\/HunLease_mezogazdasagi_adatlap_2026.pdf\" target=\"_blank\">\n\t\t\t\t\t\t\t<img fetchpriority=\"high\" decoding=\"async\" width=\"1024\" height=\"682\" src=\"https:\/\/hunlease.hu\/wordpress\/wp-content\/uploads\/2023\/08\/37005-1024x682.jpg\" class=\"attachment-large size-large wp-image-250\" alt=\"\" srcset=\"https:\/\/hunlease.hu\/wordpress\/wp-content\/uploads\/2023\/08\/37005-1024x682.jpg 1024w, https:\/\/hunlease.hu\/wordpress\/wp-content\/uploads\/2023\/08\/37005-300x200.jpg 300w, https:\/\/hunlease.hu\/wordpress\/wp-content\/uploads\/2023\/08\/37005-768x511.jpg 768w, https:\/\/hunlease.hu\/wordpress\/wp-content\/uploads\/2023\/08\/37005-1536x1022.jpg 1536w, https:\/\/hunlease.hu\/wordpress\/wp-content\/uploads\/2023\/08\/37005-2048x1363.jpg 2048w\" sizes=\"(max-width: 1024px) 100vw, 1024px\" \/>\t\t\t\t\t\t\t\t<\/a>\n\t\t\t\t\t\t\t\t\t\t\t<figcaption class=\"widget-image-caption wp-caption-text\">Mez\u0151gazdas\u00e1gi adatlap<\/figcaption>\n\t\t\t\t\t\t\t\t\t\t<\/figure>\n\t\t\t\t\t\t\t\t\t<\/div>\n\t\t\t\t<\/div>\n\t\t\t\t\t<\/div>\n\t\t<\/div>\n\t\t\t\t<div class=\"elementor-column elementor-col-20 elementor-top-column elementor-element elementor-element-0a8155d\" data-id=\"0a8155d\" data-element_type=\"column\" data-e-type=\"column\">\n\t\t\t<div class=\"elementor-widget-wrap elementor-element-populated\">\n\t\t\t\t\t\t<div class=\"elementor-element elementor-element-80692e0 elementor-widget elementor-widget-image\" data-id=\"80692e0\" data-element_type=\"widget\" data-e-type=\"widget\" data-widget_type=\"image.default\">\n\t\t\t\t<div class=\"elementor-widget-container\">\n\t\t\t\t\t\t\t\t\t\t\t\t<figure class=\"wp-caption\">\n\t\t\t\t\t\t\t\t\t\t\t<a href=\"https:\/\/hunlease.hu\/wordpress\/wp-content\/uploads\/2026\/02\/HunLease_altalanos_adatlap_2026.pdf\" target=\"_blank\">\n\t\t\t\t\t\t\t<img fetchpriority=\"high\" decoding=\"async\" width=\"1024\" height=\"682\" src=\"https:\/\/hunlease.hu\/wordpress\/wp-content\/uploads\/2023\/08\/37005-1024x682.jpg\" class=\"attachment-large size-large wp-image-250\" alt=\"\" srcset=\"https:\/\/hunlease.hu\/wordpress\/wp-content\/uploads\/2023\/08\/37005-1024x682.jpg 1024w, https:\/\/hunlease.hu\/wordpress\/wp-content\/uploads\/2023\/08\/37005-300x200.jpg 300w, https:\/\/hunlease.hu\/wordpress\/wp-content\/uploads\/2023\/08\/37005-768x511.jpg 768w, https:\/\/hunlease.hu\/wordpress\/wp-content\/uploads\/2023\/08\/37005-1536x1022.jpg 1536w, https:\/\/hunlease.hu\/wordpress\/wp-content\/uploads\/2023\/08\/37005-2048x1363.jpg 2048w\" sizes=\"(max-width: 1024px) 100vw, 1024px\" \/>\t\t\t\t\t\t\t\t<\/a>\n\t\t\t\t\t\t\t\t\t\t\t<figcaption class=\"widget-image-caption wp-caption-text\">\u00c1ltal\u00e1nos adatlap<\/figcaption>\n\t\t\t\t\t\t\t\t\t\t<\/figure>\n\t\t\t\t\t\t\t\t\t<\/div>\n\t\t\t\t<\/div>\n\t\t\t\t\t<\/div>\n\t\t<\/div>\n\t\t\t\t\t<\/div>\n\t\t<\/section>\n\t\t\t\t<section class=\"elementor-section elementor-top-section elementor-element elementor-element-9b35986 elementor-section-boxed elementor-section-height-default elementor-section-height-default\" data-id=\"9b35986\" data-element_type=\"section\" data-e-type=\"section\">\n\t\t\t\t\t\t<div class=\"elementor-container elementor-column-gap-default\">\n\t\t\t\t\t<div class=\"elementor-column elementor-col-20 elementor-top-column elementor-element elementor-element-7927c17\" data-id=\"7927c17\" data-element_type=\"column\" data-e-type=\"column\">\n\t\t\t<div class=\"elementor-widget-wrap elementor-element-populated\">\n\t\t\t\t\t\t<div class=\"elementor-element elementor-element-514b34b elementor-widget elementor-widget-image\" data-id=\"514b34b\" data-element_type=\"widget\" data-e-type=\"widget\" data-widget_type=\"image.default\">\n\t\t\t\t<div class=\"elementor-widget-container\">\n\t\t\t\t\t\t\t\t\t\t\t\t<figure class=\"wp-caption\">\n\t\t\t\t\t\t\t\t\t\t\t<a href=\"https:\/\/hunlease.hu\/wordpress\/wp-content\/uploads\/2023\/10\/Adatvedelmi_tajekoztato_201210219.pdf\" target=\"_blank\">\n\t\t\t\t\t\t\t<img fetchpriority=\"high\" decoding=\"async\" width=\"1024\" height=\"682\" src=\"https:\/\/hunlease.hu\/wordpress\/wp-content\/uploads\/2023\/08\/37005-1024x682.jpg\" class=\"attachment-large size-large wp-image-250\" alt=\"\" srcset=\"https:\/\/hunlease.hu\/wordpress\/wp-content\/uploads\/2023\/08\/37005-1024x682.jpg 1024w, https:\/\/hunlease.hu\/wordpress\/wp-content\/uploads\/2023\/08\/37005-300x200.jpg 300w, https:\/\/hunlease.hu\/wordpress\/wp-content\/uploads\/2023\/08\/37005-768x511.jpg 768w, https:\/\/hunlease.hu\/wordpress\/wp-content\/uploads\/2023\/08\/37005-1536x1022.jpg 1536w, https:\/\/hunlease.hu\/wordpress\/wp-content\/uploads\/2023\/08\/37005-2048x1363.jpg 2048w\" sizes=\"(max-width: 1024px) 100vw, 1024px\" \/>\t\t\t\t\t\t\t\t<\/a>\n\t\t\t\t\t\t\t\t\t\t\t<figcaption class=\"widget-image-caption wp-caption-text\">\u00c1ltal\u00e1nos adatkezel\u00e9si t\u00e1j\u00e9koztat\u00f3<\/figcaption>\n\t\t\t\t\t\t\t\t\t\t<\/figure>\n\t\t\t\t\t\t\t\t\t<\/div>\n\t\t\t\t<\/div>\n\t\t\t\t\t<\/div>\n\t\t<\/div>\n\t\t\t\t<div class=\"elementor-column elementor-col-20 elementor-top-column elementor-element elementor-element-c94ea0c\" data-id=\"c94ea0c\" data-element_type=\"column\" data-e-type=\"column\">\n\t\t\t<div class=\"elementor-widget-wrap elementor-element-populated\">\n\t\t\t\t\t\t<div class=\"elementor-element elementor-element-7f822fa elementor-widget elementor-widget-image\" data-id=\"7f822fa\" data-element_type=\"widget\" data-e-type=\"widget\" data-widget_type=\"image.default\">\n\t\t\t\t<div class=\"elementor-widget-container\">\n\t\t\t\t\t\t\t\t\t\t\t\t<figure class=\"wp-caption\">\n\t\t\t\t\t\t\t\t\t\t\t<a href=\"https:\/\/hunlease.hu\/wordpress\/wp-content\/uploads\/2023\/10\/Visszaeles_bejelentes_Adatkezelesi_tajekoztato.pdf\" target=\"_blank\">\n\t\t\t\t\t\t\t<img fetchpriority=\"high\" decoding=\"async\" width=\"1024\" height=\"682\" src=\"https:\/\/hunlease.hu\/wordpress\/wp-content\/uploads\/2023\/08\/37005-1024x682.jpg\" class=\"attachment-large size-large wp-image-250\" alt=\"\" srcset=\"https:\/\/hunlease.hu\/wordpress\/wp-content\/uploads\/2023\/08\/37005-1024x682.jpg 1024w, https:\/\/hunlease.hu\/wordpress\/wp-content\/uploads\/2023\/08\/37005-300x200.jpg 300w, https:\/\/hunlease.hu\/wordpress\/wp-content\/uploads\/2023\/08\/37005-768x511.jpg 768w, https:\/\/hunlease.hu\/wordpress\/wp-content\/uploads\/2023\/08\/37005-1536x1022.jpg 1536w, https:\/\/hunlease.hu\/wordpress\/wp-content\/uploads\/2023\/08\/37005-2048x1363.jpg 2048w\" sizes=\"(max-width: 1024px) 100vw, 1024px\" \/>\t\t\t\t\t\t\t\t<\/a>\n\t\t\t\t\t\t\t\t\t\t\t<figcaption class=\"widget-image-caption wp-caption-text\">A panaszokr\u00f3l, a k\u00f6z\u00e9rdek\u0171 bejelent\u00e9sekr\u0151l, valamint a vissza\u00e9l\u00e9sek bejelent\u00e9s\u00e9vel \u00f6sszef\u00fcgg\u0151 szab\u00e1lyokr\u00f3l 2023. \u00e9vi XXV. t\u00f6rv\u00e9ny szerinti Adatkezel\u00e9si t\u00e1j\u00e9koztat\u00f3<\/figcaption>\n\t\t\t\t\t\t\t\t\t\t<\/figure>\n\t\t\t\t\t\t\t\t\t<\/div>\n\t\t\t\t<\/div>\n\t\t\t\t\t<\/div>\n\t\t<\/div>\n\t\t\t\t<div class=\"elementor-column elementor-col-20 elementor-top-column elementor-element elementor-element-7f2651d\" data-id=\"7f2651d\" data-element_type=\"column\" data-e-type=\"column\">\n\t\t\t<div class=\"elementor-widget-wrap\">\n\t\t\t\t\t\t\t<\/div>\n\t\t<\/div>\n\t\t\t\t<div class=\"elementor-column elementor-col-20 elementor-top-column elementor-element elementor-element-35e8e75\" data-id=\"35e8e75\" data-element_type=\"column\" data-e-type=\"column\">\n\t\t\t<div class=\"elementor-widget-wrap\">\n\t\t\t\t\t\t\t<\/div>\n\t\t<\/div>\n\t\t\t\t<div class=\"elementor-column elementor-col-20 elementor-top-column elementor-element elementor-element-744c7cb\" data-id=\"744c7cb\" data-element_type=\"column\" data-e-type=\"column\">\n\t\t\t<div class=\"elementor-widget-wrap\">\n\t\t\t\t\t\t\t<\/div>\n\t\t<\/div>\n\t\t\t\t\t<\/div>\n\t\t<\/section>\n\t\t\t\t<\/div>\n\t\t","protected":false},"excerpt":{"rendered":"<p>\u00dczletszab\u00e1lyzat Panaszkezel\u00e9si szab\u00e1lyzat Megb\u00edz\u00e1si szerz\u0151d\u00e9s Mez\u0151gazdas\u00e1gi adatlap \u00c1ltal\u00e1nos adatlap \u00c1ltal\u00e1nos adatkezel\u00e9si t\u00e1j\u00e9koztat\u00f3 A panaszokr\u00f3l, a k\u00f6z\u00e9rdek\u0171 bejelent\u00e9sekr\u0151l, valamint a vissza\u00e9l\u00e9sek bejelent\u00e9s\u00e9vel \u00f6sszef\u00fcgg\u0151 szab\u00e1lyokr\u00f3l 2023. \u00e9vi XXV. t\u00f6rv\u00e9ny szerinti Adatkezel\u00e9si t\u00e1j\u00e9koztat\u00f3<\/p>\n","protected":false},"author":1,"featured_media":0,"parent":0,"menu_order":0,"comment_status":"closed","ping_status":"closed","template":"","meta":{"footnotes":""},"class_list":["post-84","page","type-page","status-publish","hentry"],"_links":{"self":[{"href":"https:\/\/hunlease.hu\/wordpress\/wp-json\/wp\/v2\/pages\/84","targetHints":{"allow":["GET"]}}],"collection":[{"href":"https:\/\/hunlease.hu\/wordpress\/wp-json\/wp\/v2\/pages"}],"about":[{"href":"https:\/\/hunlease.hu\/wordpress\/wp-json\/wp\/v2\/types\/page"}],"author":[{"embeddable":true,"href":"https:\/\/hunlease.hu\/wordpress\/wp-json\/wp\/v2\/users\/1"}],"replies":[{"embeddable":true,"href":"https:\/\/hunlease.hu\/wordpress\/wp-json\/wp\/v2\/comments?post=84"}],"version-history":[{"count":16,"href":"https:\/\/hunlease.hu\/wordpress\/wp-json\/wp\/v2\/pages\/84\/revisions"}],"predecessor-version":[{"id":318,"href":"https:\/\/hunlease.hu\/wordpress\/wp-json\/wp\/v2\/pages\/84\/revisions\/318"}],"wp:attachment":[{"href":"https:\/\/hunlease.hu\/wordpress\/wp-json\/wp\/v2\/media?parent=84"}],"curies":[{"name":"wp","href":"https:\/\/api.w.org\/{rel}","templated":true}]}}