{"id":87,"date":"2023-07-24T18:22:05","date_gmt":"2023-07-24T18:22:05","guid":{"rendered":"https:\/\/hunlease.hu\/wordpress\/?page_id=87"},"modified":"2026-03-05T13:47:57","modified_gmt":"2026-03-05T13:47:57","slug":"finanszirozok","status":"publish","type":"page","link":"https:\/\/hunlease.hu\/wordpress\/finanszirozok\/","title":{"rendered":"Finansz\u00edroz\u00f3k"},"content":{"rendered":"\t\t<div data-elementor-type=\"wp-page\" data-elementor-id=\"87\" class=\"elementor elementor-87\">\n\t\t\t\t\t\t<section class=\"elementor-section elementor-top-section elementor-element elementor-element-11c20ab elementor-section-boxed elementor-section-height-default elementor-section-height-default\" data-id=\"11c20ab\" data-element_type=\"section\" data-e-type=\"section\">\n\t\t\t\t\t\t<div class=\"elementor-container elementor-column-gap-default\">\n\t\t\t\t\t<div class=\"elementor-column elementor-col-100 elementor-top-column elementor-element elementor-element-783f725\" data-id=\"783f725\" data-element_type=\"column\" data-e-type=\"column\">\n\t\t\t<div class=\"elementor-widget-wrap elementor-element-populated\">\n\t\t\t\t\t\t<div class=\"elementor-element elementor-element-8f45fb5 elementor-widget elementor-widget-heading\" data-id=\"8f45fb5\" data-element_type=\"widget\" data-e-type=\"widget\" data-widget_type=\"heading.default\">\n\t\t\t\t<div class=\"elementor-widget-container\">\n\t\t\t\t\t<h4 class=\"elementor-heading-title elementor-size-small\"><span style=\"font-size: 24px\">A HunLease Kft az al\u00e1bbi finansz\u00edroz\u00f3k hitel- \u00e9s l\u00edzingfinansz\u00edroz\u00e1si term\u00e9keit k\u00edn\u00e1lja \u00fcgyfelei sz\u00e1m\u00e1ra.<\/span><\/h4>\t\t\t\t<\/div>\n\t\t\t\t<\/div>\n\t\t\t\t\t<\/div>\n\t\t<\/div>\n\t\t\t\t\t<\/div>\n\t\t<\/section>\n\t\t\t\t<section class=\"elementor-section elementor-top-section elementor-element elementor-element-2b7eeec elementor-section-boxed elementor-section-height-default elementor-section-height-default\" data-id=\"2b7eeec\" data-element_type=\"section\" data-e-type=\"section\">\n\t\t\t\t\t\t<div class=\"elementor-container elementor-column-gap-default\">\n\t\t\t\t\t<div class=\"elementor-column elementor-col-25 elementor-top-column elementor-element elementor-element-b1a6b5c\" data-id=\"b1a6b5c\" data-element_type=\"column\" data-e-type=\"column\">\n\t\t\t<div class=\"elementor-widget-wrap elementor-element-populated\">\n\t\t\t\t\t\t<div class=\"elementor-element elementor-element-d0e1cea elementor-position-top elementor-widget elementor-widget-image-box\" data-id=\"d0e1cea\" data-element_type=\"widget\" data-e-type=\"widget\" data-widget_type=\"image-box.default\">\n\t\t\t\t<div class=\"elementor-widget-container\">\n\t\t\t\t\t<div class=\"elementor-image-box-wrapper\"><figure class=\"elementor-image-box-img\"><img fetchpriority=\"high\" decoding=\"async\" width=\"300\" height=\"225\" src=\"https:\/\/hunlease.hu\/wordpress\/wp-content\/uploads\/2023\/07\/sistem-erp-deutsche-leasing-1497883685-300x225.jpg\" class=\"attachment-medium size-medium wp-image-164\" alt=\"\" srcset=\"https:\/\/hunlease.hu\/wordpress\/wp-content\/uploads\/2023\/07\/sistem-erp-deutsche-leasing-1497883685-300x225.jpg 300w, https:\/\/hunlease.hu\/wordpress\/wp-content\/uploads\/2023\/07\/sistem-erp-deutsche-leasing-1497883685.jpg 360w\" sizes=\"(max-width: 300px) 100vw, 300px\" \/><\/figure><div class=\"elementor-image-box-content\"><h3 class=\"elementor-image-box-title\">Deutsche Leasing Hung\u00e1ria Zrt.<\/h3><p class=\"elementor-image-box-description\">1123 Budapest, Nagyenyed u. 8-14.<br> Cg.: 01-10-044410<\/p><\/div><\/div>\t\t\t\t<\/div>\n\t\t\t\t<\/div>\n\t\t\t\t\t<\/div>\n\t\t<\/div>\n\t\t\t\t<div class=\"elementor-column elementor-col-25 elementor-top-column elementor-element elementor-element-33d2b3f\" data-id=\"33d2b3f\" data-element_type=\"column\" data-e-type=\"column\">\n\t\t\t<div class=\"elementor-widget-wrap elementor-element-populated\">\n\t\t\t\t\t\t<div class=\"elementor-element elementor-element-efe53b7 elementor-position-top elementor-widget elementor-widget-image-box\" data-id=\"efe53b7\" data-element_type=\"widget\" data-e-type=\"widget\" data-widget_type=\"image-box.default\">\n\t\t\t\t<div class=\"elementor-widget-container\">\n\t\t\t\t\t<div class=\"elementor-image-box-wrapper\"><figure class=\"elementor-image-box-img\"><img decoding=\"async\" width=\"228\" height=\"207\" src=\"https:\/\/hunlease.hu\/wordpress\/wp-content\/uploads\/2023\/07\/merkantil-bank1.jpg\" class=\"attachment-medium size-medium wp-image-165\" alt=\"\" \/><\/figure><div class=\"elementor-image-box-content\"><h3 class=\"elementor-image-box-title\">Merkantil Bank Zrt.<\/h3><p class=\"elementor-image-box-description\">1138 Budapest, F\u00f6veny u. 4-6. <br> Cg.: 01-10-041465<\/p><\/div><\/div>\t\t\t\t<\/div>\n\t\t\t\t<\/div>\n\t\t\t\t\t<\/div>\n\t\t<\/div>\n\t\t\t\t<div class=\"elementor-column elementor-col-25 elementor-top-column elementor-element elementor-element-4e3b10d\" data-id=\"4e3b10d\" data-element_type=\"column\" data-e-type=\"column\">\n\t\t\t<div class=\"elementor-widget-wrap elementor-element-populated\">\n\t\t\t\t\t\t<div class=\"elementor-element elementor-element-c15fe20 elementor-position-top elementor-widget elementor-widget-image-box\" data-id=\"c15fe20\" data-element_type=\"widget\" data-e-type=\"widget\" data-widget_type=\"image-box.default\">\n\t\t\t\t<div class=\"elementor-widget-container\">\n\t\t\t\t\t<div class=\"elementor-image-box-wrapper\"><figure class=\"elementor-image-box-img\"><img decoding=\"async\" width=\"300\" height=\"231\" src=\"https:\/\/hunlease.hu\/wordpress\/wp-content\/uploads\/2023\/07\/unicredit-e1690384907177-300x231.png\" class=\"attachment-medium size-medium wp-image-167\" alt=\"\" srcset=\"https:\/\/hunlease.hu\/wordpress\/wp-content\/uploads\/2023\/07\/unicredit-e1690384907177-300x231.png 300w, https:\/\/hunlease.hu\/wordpress\/wp-content\/uploads\/2023\/07\/unicredit-e1690384907177.png 660w\" sizes=\"(max-width: 300px) 100vw, 300px\" \/><\/figure><div class=\"elementor-image-box-content\"><h3 class=\"elementor-image-box-title\">UniCredit Leasing Hungary Zrt.<\/h3><p class=\"elementor-image-box-description\">1054 Budapest, Szabads\u00e1g t\u00e9r 5-6. <br>Cg.: 01-10-043137<\/p><\/div><\/div>\t\t\t\t<\/div>\n\t\t\t\t<\/div>\n\t\t\t\t\t<\/div>\n\t\t<\/div>\n\t\t\t\t<div class=\"elementor-column elementor-col-25 elementor-top-column elementor-element elementor-element-780217e\" data-id=\"780217e\" data-element_type=\"column\" data-e-type=\"column\">\n\t\t\t<div class=\"elementor-widget-wrap elementor-element-populated\">\n\t\t\t\t\t\t<div class=\"elementor-element elementor-element-fc3d9c4 elementor-position-top elementor-widget elementor-widget-image-box\" data-id=\"fc3d9c4\" data-element_type=\"widget\" data-e-type=\"widget\" data-widget_type=\"image-box.default\">\n\t\t\t\t<div class=\"elementor-widget-container\">\n\t\t\t\t\t<div class=\"elementor-image-box-wrapper\"><figure class=\"elementor-image-box-img\"><img loading=\"lazy\" decoding=\"async\" width=\"300\" height=\"231\" src=\"https:\/\/hunlease.hu\/wordpress\/wp-content\/uploads\/2023\/07\/ober-e1690384846697-300x231.png\" class=\"attachment-medium size-medium wp-image-169\" alt=\"\" srcset=\"https:\/\/hunlease.hu\/wordpress\/wp-content\/uploads\/2023\/07\/ober-e1690384846697-300x231.png 300w, https:\/\/hunlease.hu\/wordpress\/wp-content\/uploads\/2023\/07\/ober-e1690384846697.png 660w\" sizes=\"(max-width: 300px) 100vw, 300px\" \/><\/figure><div class=\"elementor-image-box-content\"><h3 class=\"elementor-image-box-title\">Ober P\u00e9nz\u00fcgyi L\u00edzing Zrt.<\/h3><p class=\"elementor-image-box-description\">1062 Budapest, V\u00e1ci \u00fat 1-3. <br>Cg: 01-10-045412<\/p><\/div><\/div>\t\t\t\t<\/div>\n\t\t\t\t<\/div>\n\t\t\t\t\t<\/div>\n\t\t<\/div>\n\t\t\t\t\t<\/div>\n\t\t<\/section>\n\t\t\t\t<section class=\"elementor-section elementor-top-section elementor-element elementor-element-2b0159e elementor-section-boxed elementor-section-height-default elementor-section-height-default\" data-id=\"2b0159e\" data-element_type=\"section\" data-e-type=\"section\">\n\t\t\t\t\t\t<div class=\"elementor-container elementor-column-gap-default\">\n\t\t\t\t\t<div class=\"elementor-column elementor-col-25 elementor-top-column elementor-element elementor-element-b24ba04\" data-id=\"b24ba04\" data-element_type=\"column\" data-e-type=\"column\">\n\t\t\t<div class=\"elementor-widget-wrap elementor-element-populated\">\n\t\t\t\t\t\t<div class=\"elementor-element elementor-element-273261e elementor-position-top elementor-widget elementor-widget-image-box\" data-id=\"273261e\" data-element_type=\"widget\" data-e-type=\"widget\" data-widget_type=\"image-box.default\">\n\t\t\t\t<div class=\"elementor-widget-container\">\n\t\t\t\t\t<div class=\"elementor-image-box-wrapper\"><figure class=\"elementor-image-box-img\"><img loading=\"lazy\" decoding=\"async\" width=\"300\" height=\"300\" src=\"https:\/\/hunlease.hu\/wordpress\/wp-content\/uploads\/2023\/07\/euroleasing-300x300.png\" class=\"attachment-medium size-medium wp-image-172\" alt=\"\" srcset=\"https:\/\/hunlease.hu\/wordpress\/wp-content\/uploads\/2023\/07\/euroleasing-300x300.png 300w, https:\/\/hunlease.hu\/wordpress\/wp-content\/uploads\/2023\/07\/euroleasing-150x150.png 150w, https:\/\/hunlease.hu\/wordpress\/wp-content\/uploads\/2023\/07\/euroleasing.png 660w\" sizes=\"(max-width: 300px) 100vw, 300px\" \/><\/figure><div class=\"elementor-image-box-content\"><h3 class=\"elementor-image-box-title\">Euroleasing Zrt.<\/h3><p class=\"elementor-image-box-description\">1134 Budapest, L\u0151port\u00e1r u. 24.<br> Cg.:01-10-043384<\/p><\/div><\/div>\t\t\t\t<\/div>\n\t\t\t\t<\/div>\n\t\t\t\t\t<\/div>\n\t\t<\/div>\n\t\t\t\t<div class=\"elementor-column elementor-col-25 elementor-top-column elementor-element elementor-element-1e01664\" data-id=\"1e01664\" data-element_type=\"column\" data-e-type=\"column\">\n\t\t\t<div class=\"elementor-widget-wrap elementor-element-populated\">\n\t\t\t\t\t\t<div class=\"elementor-element elementor-element-de6448d elementor-position-top elementor-widget elementor-widget-image-box\" data-id=\"de6448d\" data-element_type=\"widget\" data-e-type=\"widget\" data-widget_type=\"image-box.default\">\n\t\t\t\t<div class=\"elementor-widget-container\">\n\t\t\t\t\t<div class=\"elementor-image-box-wrapper\"><figure class=\"elementor-image-box-img\"><img loading=\"lazy\" decoding=\"async\" width=\"175\" height=\"153\" src=\"https:\/\/hunlease.hu\/wordpress\/wp-content\/uploads\/2026\/03\/logo-1-1.png\" class=\"attachment-medium size-medium wp-image-319\" alt=\"\" \/><\/figure><div class=\"elementor-image-box-content\"><h3 class=\"elementor-image-box-title\">R\u00e9gi\u00f3 Mon\u00e9ta Zrt.<\/h3><p class=\"elementor-image-box-description\">3300 Eger, Telekessy u. 2.\n\nCg:10-10-020361<\/p><\/div><\/div>\t\t\t\t<\/div>\n\t\t\t\t<\/div>\n\t\t\t\t\t<\/div>\n\t\t<\/div>\n\t\t\t\t<div class=\"elementor-column elementor-col-25 elementor-top-column elementor-element elementor-element-7dfd544\" data-id=\"7dfd544\" data-element_type=\"column\" data-e-type=\"column\">\n\t\t\t<div class=\"elementor-widget-wrap elementor-element-populated\">\n\t\t\t\t\t\t\t<\/div>\n\t\t<\/div>\n\t\t\t\t<div class=\"elementor-column elementor-col-25 elementor-top-column elementor-element elementor-element-ebfa282\" data-id=\"ebfa282\" data-element_type=\"column\" data-e-type=\"column\">\n\t\t\t<div class=\"elementor-widget-wrap elementor-element-populated\">\n\t\t\t\t\t\t\t<\/div>\n\t\t<\/div>\n\t\t\t\t\t<\/div>\n\t\t<\/section>\n\t\t\t\t<\/div>\n\t\t","protected":false},"excerpt":{"rendered":"<p>A HunLease Kft az al\u00e1bbi finansz\u00edroz\u00f3k hitel- \u00e9s l\u00edzingfinansz\u00edroz\u00e1si term\u00e9keit k\u00edn\u00e1lja \u00fcgyfelei sz\u00e1m\u00e1ra. Deutsche Leasing Hung\u00e1ria Zrt. 1123 Budapest, Nagyenyed u. 8-14. Cg.: 01-10-044410 Merkantil Bank Zrt. 1138 Budapest, F\u00f6veny u. 4-6. Cg.: 01-10-041465 UniCredit Leasing Hungary Zrt. 1054 Budapest, Szabads\u00e1g t\u00e9r 5-6. Cg.: 01-10-043137 Ober P\u00e9nz\u00fcgyi L\u00edzing Zrt. 1062 [&hellip;]<\/p>\n","protected":false},"author":1,"featured_media":0,"parent":0,"menu_order":0,"comment_status":"closed","ping_status":"closed","template":"","meta":{"footnotes":""},"class_list":["post-87","page","type-page","status-publish","hentry"],"_links":{"self":[{"href":"https:\/\/hunlease.hu\/wordpress\/wp-json\/wp\/v2\/pages\/87","targetHints":{"allow":["GET"]}}],"collection":[{"href":"https:\/\/hunlease.hu\/wordpress\/wp-json\/wp\/v2\/pages"}],"about":[{"href":"https:\/\/hunlease.hu\/wordpress\/wp-json\/wp\/v2\/types\/page"}],"author":[{"embeddable":true,"href":"https:\/\/hunlease.hu\/wordpress\/wp-json\/wp\/v2\/users\/1"}],"replies":[{"embeddable":true,"href":"https:\/\/hunlease.hu\/wordpress\/wp-json\/wp\/v2\/comments?post=87"}],"version-history":[{"count":25,"href":"https:\/\/hunlease.hu\/wordpress\/wp-json\/wp\/v2\/pages\/87\/revisions"}],"predecessor-version":[{"id":322,"href":"https:\/\/hunlease.hu\/wordpress\/wp-json\/wp\/v2\/pages\/87\/revisions\/322"}],"wp:attachment":[{"href":"https:\/\/hunlease.hu\/wordpress\/wp-json\/wp\/v2\/media?parent=87"}],"curies":[{"name":"wp","href":"https:\/\/api.w.org\/{rel}","templated":true}]}}