{"id":90,"date":"2023-07-24T18:28:32","date_gmt":"2023-07-24T18:28:32","guid":{"rendered":"https:\/\/hunlease.hu\/wordpress\/?page_id=90"},"modified":"2023-07-27T20:25:42","modified_gmt":"2023-07-27T20:25:42","slug":"termekek","status":"publish","type":"page","link":"https:\/\/hunlease.hu\/wordpress\/termekek\/","title":{"rendered":"Term\u00e9kek"},"content":{"rendered":"\t\t<div data-elementor-type=\"wp-page\" data-elementor-id=\"90\" class=\"elementor elementor-90\">\n\t\t\t\t\t\t<section class=\"elementor-section elementor-top-section elementor-element elementor-element-0f76dd2 elementor-section-boxed elementor-section-height-default elementor-section-height-default\" data-id=\"0f76dd2\" data-element_type=\"section\" data-e-type=\"section\">\n\t\t\t\t\t\t<div class=\"elementor-container elementor-column-gap-default\">\n\t\t\t\t\t<div class=\"elementor-column elementor-col-100 elementor-top-column elementor-element elementor-element-fb9aa3f\" data-id=\"fb9aa3f\" data-element_type=\"column\" data-e-type=\"column\">\n\t\t\t<div class=\"elementor-widget-wrap elementor-element-populated\">\n\t\t\t\t\t\t<div class=\"elementor-element elementor-element-2210016 elementor-tabs-view-vertical elementor-widget elementor-widget-tabs\" data-id=\"2210016\" data-element_type=\"widget\" data-e-type=\"widget\" data-widget_type=\"tabs.default\">\n\t\t\t\t<div class=\"elementor-widget-container\">\n\t\t\t\t\t\t\t<div class=\"elementor-tabs\">\n\t\t\t<div class=\"elementor-tabs-wrapper\" role=\"tablist\" >\n\t\t\t\t\t\t\t\t\t<div id=\"elementor-tab-title-3571\" class=\"elementor-tab-title elementor-tab-desktop-title\" aria-selected=\"true\" data-tab=\"1\" role=\"tab\" tabindex=\"0\" aria-controls=\"elementor-tab-content-3571\" aria-expanded=\"false\">P\u00e9nz\u00fcgyi l\u00edzingfinansz\u00edroz\u00e1s<\/div>\n\t\t\t\t\t\t\t\t\t<div id=\"elementor-tab-title-3572\" class=\"elementor-tab-title elementor-tab-desktop-title\" aria-selected=\"false\" data-tab=\"2\" role=\"tab\" tabindex=\"-1\" aria-controls=\"elementor-tab-content-3572\" aria-expanded=\"false\">K\u00f6lcs\u00f6n<\/div>\n\t\t\t\t\t\t\t\t\t<div id=\"elementor-tab-title-3573\" class=\"elementor-tab-title elementor-tab-desktop-title\" aria-selected=\"false\" data-tab=\"3\" role=\"tab\" tabindex=\"-1\" aria-controls=\"elementor-tab-content-3573\" aria-expanded=\"false\">Operat\u00edv l\u00edzing<\/div>\n\t\t\t\t\t\t\t<\/div>\n\t\t\t<div class=\"elementor-tabs-content-wrapper\" role=\"tablist\" aria-orientation=\"vertical\">\n\t\t\t\t\t\t\t\t\t<div class=\"elementor-tab-title elementor-tab-mobile-title\" aria-selected=\"true\" data-tab=\"1\" role=\"tab\" tabindex=\"0\" aria-controls=\"elementor-tab-content-3571\" aria-expanded=\"false\">P\u00e9nz\u00fcgyi l\u00edzingfinansz\u00edroz\u00e1s<\/div>\n\t\t\t\t\t<div id=\"elementor-tab-content-3571\" class=\"elementor-tab-content elementor-clearfix\" data-tab=\"1\" role=\"tabpanel\" aria-labelledby=\"elementor-tab-title-3571\" tabindex=\"0\" hidden=\"false\"><div class=\"x1h91t0o xkh2ocl x78zum5 xdt5ytf x13a6bvl x1r145dm\" role=\"none\"><div class=\"x78zum5 xh8yej3\" role=\"none\"><div class=\"x78zum5 xdt5ytf x193iq5w x1n2onr6 xuk3077\"><div class=\"x78zum5 xh8yej3\" role=\"none\"><div class=\"x1tlxs6b x1g8br2z x1gn5b1j x230xth x14ctfv x1okitfd x6ikm8r x10wlt62 x1mzt3pk x1y1aw1k xn6708d xwib8y2 x1ye3gou x1n2onr6 x13faqbe x1vjfegm\" role=\"none\"><div class=\"x9f619 x1n2onr6 x1ja2u2z __fb-light-mode\" role=\"none\"><div class=\"x6prxxf x1fc57z9 x1yc453h x126k92a x14ctfv\" dir=\"auto\" role=\"none\">Az \u00d6n \u00e1ltal kiv\u00e1lasztott eszk\u00f6zt a l\u00edzingbe ad\u00f3 megv\u00e1s\u00e1rolja \u00e9s el\u0151re meghat\u00e1rozott futamid\u0151re az \u00d6n haszn\u00e1lat\u00e1ba adja. Az eszk\u00f6z haszn\u00e1lat\u00e1val kapcsolatos k\u00f6lts\u00e9gek, kock\u00e1zatok \u00e9s k\u00e1rvesz\u00e9ly \u00d6nt terheli \u00e9s egy\u00fattal a hasznai szed\u00e9s\u00e9re is kiz\u00e1r\u00f3lagosan jogosult. Sz\u00e1mvitelileg a beszerezett eszk\u00f6zt az \u00fcgyf\u00e9l a t\u00e1rgyi eszk\u00f6zei k\u00f6z\u00f6tt tartja nyilv\u00e1n \u00e9s sz\u00e1molja el az amortiz\u00e1ci\u00f3t, m\u00edg a megfizetett kamatok k\u00f6lts\u00e9gk\u00e9nt le\u00edrhat\u00f3k. K\u00e9t alfaj\u00e1t k\u00fcl\u00f6nb\u00f6ztetj\u00fck meg, melyek a futamid\u0151 v\u00e9gi tulajdonszerz\u00e9s k\u00f6r\u00fclm\u00e9nyeiben t\u00e9rnek el.<\/div><div dir=\"auto\" role=\"none\">\u00a0<\/div><\/div><div dir=\"auto\" role=\"none\"><strong>Z\u00e1rtv\u00e9g\u0171 p\u00e9nz\u00fcgyi l\u00edzing<\/strong><\/div><div dir=\"auto\" role=\"none\">Ebben az esetben az \u00fcgyf\u00e9l a futamid\u0151 v\u00e9g\u00e9n a l\u00edzingd\u00edjak marad\u00e9ktalan megfizet\u00e9s\u00e9vel automatikusan megszerzi az eszk\u00f6z tulajdonjog\u00e1t. A finansz\u00edroz\u00f3 az \u00fcgyf\u00e9l fel\u00e9 az \u00fcgylet megk\u00f6t\u00e9sekor egy un. t\u0151kesz\u00e1ml\u00e1t \u00e1ll\u00edt ki, melynek \u00f6sszege megegyezik az eszk\u00f6z beszerz\u00e9si \u00e1r\u00e1val \u00e9s a sz\u00e1mla \u00c1FA tartalma a vonatkoz\u00f3 jogszab\u00e1lyok szerint visszaig\u00e9nyelhet\u0151. A minim\u00e1lisan megk\u00f6vetelt \u00f6ner\u0151 jellemz\u0151en a nett\u00f3 v\u00e9tel\u00e1r 27%-a. A legt\u00f6bb finansz\u00edroz\u00f3 az \u00c1FA megfizet\u00e9s\u00e9re annak visszaig\u00e9nyl\u00e9s\u00e9ig halad\u00e9kot biztos\u00edt. Ezt h\u00edvj\u00e1k az un. \u00c1FA visszaforgat\u00e1sos konstrukci\u00f3nak.<\/div><div dir=\"auto\" role=\"none\">\u00a0<\/div><div dir=\"auto\" role=\"none\"><strong>Ny\u00edltv\u00e9g\u0171 p\u00e9nz\u00fcgyi l\u00edzing<\/strong><\/div><div dir=\"auto\" role=\"none\">Jellemz\u0151je, hogy maradv\u00e1ny\u00e9rt\u00e9ket hat\u00e1roznak meg a felek a futamid\u0151 v\u00e9g\u00e9re. Az \u00fcgyf\u00e9lnek opci\u00f3ja van arra vonatkoz\u00f3an, hogy a futamid\u0151 v\u00e9gi maradv\u00e1ny\u00e9rt\u00e9k megfizet\u00e9s\u00e9vel megszerezze az eszk\u00f6z tulajdonjog\u00e1t. \u00c1FA elsz\u00e1mol\u00e1s szempontj\u00e1b\u00f3l a szolg\u00e1ltat\u00e1sokra jellemz\u0151 rend \u00e9rv\u00e9nyes\u00fcl, vagyis minden t\u00f6rleszt\u0151 r\u00e9szlet t\u0151ketartalma \u00c1FA k\u00f6teles, mert a kamatok p\u00e9nz\u00fcgyi szolg\u00e1ltat\u00e1sn\u00e1l \u00c1FA mentesek. \u00cdgy \u00f6sszess\u00e9g\u00e9ben az \u00fcgyf\u00e9l ugyanannyi \u00c1FA megfizet\u00e9s\u00e9re k\u00f6teles, de ezt nem egy\u00f6sszegben, hanem a futamid\u0151 sor\u00e1n r\u00e9szletekben teszi. Term\u00e9szetesen a visszaig\u00e9nyl\u00e9s is hasonl\u00f3an t\u00f6rt\u00e9nik. A minim\u00e1lisan megk\u00f6vetelt \u00f6ner\u0151 az eszk\u00f6z\u00f6kt\u0151l \u00e9s a finansz\u00edroz\u00f3kt\u00f3l f\u00fcgg\u0151en 10-25% \u00e9s az erre es\u0151 \u00c1FA. Azon \u00fcgyfeleknek aj\u00e1nlhat\u00f3, akik nem \u00c1FA k\u00f6r\u00f6s\u00f6k vagy nem akarnak egy\u00f6sszegben jelent\u0151s visszaig\u00e9nyl\u00e9ssel \u00e9lni.<\/div><\/div><\/div><\/div><\/div><\/div><\/div>\n\t\t\t\t\t\t\t\t\t<div class=\"elementor-tab-title elementor-tab-mobile-title\" aria-selected=\"false\" data-tab=\"2\" role=\"tab\" tabindex=\"-1\" aria-controls=\"elementor-tab-content-3572\" aria-expanded=\"false\">K\u00f6lcs\u00f6n<\/div>\n\t\t\t\t\t<div id=\"elementor-tab-content-3572\" class=\"elementor-tab-content elementor-clearfix\" data-tab=\"2\" role=\"tabpanel\" aria-labelledby=\"elementor-tab-title-3572\" tabindex=\"0\" hidden=\"hidden\"><p>Az \u00d6n \u00e1ltal kiv\u00e1lasztott eszk\u00f6zh\u00f6z a finansz\u00edroz\u00f3 p\u00e9nzk\u00f6lcs\u00f6n ny\u00fajt.\nAz eszk\u00f6z tulajdonjoga az \u00fcgyf\u00e9l\u00e9.<\/p>\n<p>Haszn\u00e1lat\u00e1val kapcsolatos k\u00f6lts\u00e9gek, kock\u00e1zatok \u00e9s k\u00e1rvesz\u00e9ly az \u00fcgyfelet terheli \u00e9s egy\u00fattal a hasznai szed\u00e9s\u00e9re is kiz\u00e1r\u00f3lagosan jogosult. Sz\u00e1mvitelileg a beszerezett eszk\u00f6zt az \u00fcgyf\u00e9l a t\u00e1rgyi eszk\u00f6zei k\u00f6z\u00f6tt tartja nyilv\u00e1n \u00e9s sz\u00e1molja el az amortiz\u00e1ci\u00f3t, m\u00edg a megfizetett kamatok k\u00f6lts\u00e9gk\u00e9nt le\u00edrhat\u00f3k.\nAz eszk\u00f6zbeszerz\u00e9s sz\u00e1ml\u00e1j\u00e1t az elad\u00f3 \u00e1ll\u00edtja ki \u00e9s az \u00c1FA a t\u00e1rgyi eszk\u00f6z beszerz\u00e9sre vonatkoz\u00f3 szab\u00e1lyok szerint ig\u00e9nylehet\u0151 vissza. A minim\u00e1lisan megk\u00f6vetelt \u00f6ner\u0151 jellemz\u0151en a nett\u00f3 v\u00e9tel\u00e1r 27%-a.<\/p>\n<p>A legt\u00f6bb finansz\u00edroz\u00f3 az \u00c1FA megfizet\u00e9s\u00e9re annak visszaig\u00e9nyl\u00e9s\u00e9ig halad\u00e9kot biztos\u00edt. Ezt h\u00edvj\u00e1k az un. \u00c1FA visszaforgat\u00e1sos konstrukci\u00f3nak.\nA finansz\u00edroz\u00f3k biztos\u00edt\u00e9kul a finansz\u00edrozott eszk\u00f6zre vonatkoz\u00f3 jelz\u00e1log jogot k\u00f6tnek ki. A jelz\u00e1log bejegyz\u00e9s k\u00f6zjegyz\u0151i d\u00edja az \u00fcgyfelet terheli. Ennek m\u00e9rt\u00e9k\u00e9r\u0151l a k\u00f6zjegyz\u0151k d\u00edjszab\u00e1s\u00e1ban t\u00e1j\u00e9koz\u00f3dhat.\nA k\u00f6lcs\u00f6nben t\u00f6rt\u00e9n\u0151 finansz\u00edroz\u00e1sra a HunLease Kft. partneri k\u00f6r\u00e9be tartoz\u00f3 finansz\u00edroz\u00f3k d\u00f6nt\u0151 t\u00f6bbs\u00e9ge rendelkezik megfelel\u0151 fel\u00fcgyeleti enged\u00e9llyel, \u00edgy azokban az esetekben, ahol valamilyen p\u00e1ly\u00e1zati ki\u00edr\u00e1s a t\u00e1mogathat\u00f3s\u00e1g felt\u00e9tlen\u00fcl szabja az \u00fcgyf\u00e9l tulajdonszerz\u00e9s\u00e9t, a fenti konstrukci\u00f3 el\u00e9rhet\u0151 \u00fcgyfeleink sz\u00e1m\u00e1ra.<\/p>\n\n<p><strong>Deviza kock\u00e1zatokr\u00f3l b\u0151vebben <a style=\"color: #A3B18A;\" href=\"https:\/\/hunlease.hu\/wordpress\/dokumentumok\/\">ide kattintva<\/a> t\u00e1j\u00e9koz\u00f3dhat.<\/strong><\/p><\/div>\n\t\t\t\t\t\t\t\t\t<div class=\"elementor-tab-title elementor-tab-mobile-title\" aria-selected=\"false\" data-tab=\"3\" role=\"tab\" tabindex=\"-1\" aria-controls=\"elementor-tab-content-3573\" aria-expanded=\"false\">Operat\u00edv l\u00edzing<\/div>\n\t\t\t\t\t<div id=\"elementor-tab-content-3573\" class=\"elementor-tab-content elementor-clearfix\" data-tab=\"3\" role=\"tabpanel\" aria-labelledby=\"elementor-tab-title-3573\" tabindex=\"0\" hidden=\"hidden\"><p>Az operat\u00edv l\u00edzing egyfajta b\u00e9rleti konstrukci\u00f3, mely alapvet\u0151en a Ptk. szab\u00e1lyira \u00e9p\u00fcl. Az \u00d6n \u00e1ltal kiv\u00e1lasztott eszk\u00f6zt a b\u00e9rbead\u00f3 megv\u00e1s\u00e1rolja \u00e9s az \u00d6n haszn\u00e1lat\u00e1ba adja. Az eszk\u00f6z tulajdonjoga mindv\u00e9gig a b\u00e9rbead\u00f3n\u00e1l van.<\/p>\n<p>Haszn\u00e1lat\u00e1val kapcsolatos k\u00f6lts\u00e9gek, kock\u00e1zatok \u00e9s k\u00e1rvesz\u00e9ly a szerz\u0151d\u0151 felek meg\u00e1llapod\u00e1sa szerinti felet terhelik. Az \u00fcgyf\u00e9l jogosult a rendeltet\u00e9sszer\u0171 haszn\u00e1latra, de a haszn\u00e1lat m\u00e9rt\u00e9ke (\u00fczem\u00f3ra\/\u00e9v, km\/\u00e9v) ak\u00e1r limit\u00e1lt is lehet.\nSz\u00e1mvitelileg a beszerezett eszk\u00f6zt a b\u00e9rbead\u00f3 tartja nyilv\u00e1n a t\u00e1rgyi eszk\u00f6zei k\u00f6z\u00f6tt \u00e9s sz\u00e1molja el az amortiz\u00e1ci\u00f3t.<\/p>\n<p>A b\u00e9rleti d\u00edjak \u00c1FA k\u00f6telesek \u00e9s a b\u00e9rbevev\u0151 k\u00f6lts\u00e9gk\u00e9nt elsz\u00e1molhatja. A minim\u00e1lisan megk\u00f6vetelt els\u0151 b\u00e9rleti d\u00edj (\u00f6ner\u0151) jellemz\u0151en a nett\u00f3 v\u00e9tel\u00e1r 10-25%-a plusz az erre es\u0151 \u00c1FA, de bizonyos speci\u00e1lis esetekben a b\u00e9rbead\u00f3 nem k\u00f6vetel meg kezd\u0151 d\u00edjfizet\u00e9st.<\/p>\n<p>A futamid\u0151 v\u00e9g\u00e9re a b\u00e9rbead\u00f3 a v\u00e1rhat\u00f3 piaci \u00e9rt\u00e9kre \u00e9s a haszn\u00e1lat intenzit\u00e1s\u00e1ra tekintettel kalkul\u00e1l egy maradv\u00e1ny\u00e9rt\u00e9ket, de ez nem felt\u00e9tlen\u00fcl jelenti azt, hogy ezen a maradv\u00e1ny\u00e9rt\u00e9ken az \u00fcgyf\u00e9l megszerezheti az eszk\u00f6z tulajdonjog\u00e1t. A futamid\u0151 v\u00e9gi tulajdonszerz\u00e9sre ir\u00e1nyul\u00f3 t\u00f6rekv\u00e9s, vev\u0151kijel\u00f6l\u00e9si vagy el\u0151v\u00e1s\u00e1rl\u00e1si jog kik\u00f6t\u00e9se jelent\u0151s ad\u00f3kock\u00e1zatot hordozhat.<\/p><\/div>\n\t\t\t\t\t\t\t<\/div>\n\t\t<\/div>\n\t\t\t\t\t\t<\/div>\n\t\t\t\t<\/div>\n\t\t\t\t\t<\/div>\n\t\t<\/div>\n\t\t\t\t\t<\/div>\n\t\t<\/section>\n\t\t\t\t<\/div>\n\t\t","protected":false},"excerpt":{"rendered":"<p>P\u00e9nz\u00fcgyi l\u00edzingfinansz\u00edroz\u00e1s K\u00f6lcs\u00f6n Operat\u00edv l\u00edzing P\u00e9nz\u00fcgyi l\u00edzingfinansz\u00edroz\u00e1s Az \u00d6n \u00e1ltal kiv\u00e1lasztott eszk\u00f6zt a l\u00edzingbe ad\u00f3 megv\u00e1s\u00e1rolja \u00e9s el\u0151re meghat\u00e1rozott futamid\u0151re az \u00d6n haszn\u00e1lat\u00e1ba adja. Az eszk\u00f6z haszn\u00e1lat\u00e1val kapcsolatos k\u00f6lts\u00e9gek, kock\u00e1zatok \u00e9s k\u00e1rvesz\u00e9ly \u00d6nt terheli \u00e9s egy\u00fattal a hasznai szed\u00e9s\u00e9re is kiz\u00e1r\u00f3lagosan jogosult. Sz\u00e1mvitelileg a beszerezett eszk\u00f6zt az \u00fcgyf\u00e9l a t\u00e1rgyi [&hellip;]<\/p>\n","protected":false},"author":1,"featured_media":0,"parent":0,"menu_order":0,"comment_status":"closed","ping_status":"closed","template":"","meta":{"footnotes":""},"class_list":["post-90","page","type-page","status-publish","hentry"],"_links":{"self":[{"href":"https:\/\/hunlease.hu\/wordpress\/wp-json\/wp\/v2\/pages\/90","targetHints":{"allow":["GET"]}}],"collection":[{"href":"https:\/\/hunlease.hu\/wordpress\/wp-json\/wp\/v2\/pages"}],"about":[{"href":"https:\/\/hunlease.hu\/wordpress\/wp-json\/wp\/v2\/types\/page"}],"author":[{"embeddable":true,"href":"https:\/\/hunlease.hu\/wordpress\/wp-json\/wp\/v2\/users\/1"}],"replies":[{"embeddable":true,"href":"https:\/\/hunlease.hu\/wordpress\/wp-json\/wp\/v2\/comments?post=90"}],"version-history":[{"count":29,"href":"https:\/\/hunlease.hu\/wordpress\/wp-json\/wp\/v2\/pages\/90\/revisions"}],"predecessor-version":[{"id":212,"href":"https:\/\/hunlease.hu\/wordpress\/wp-json\/wp\/v2\/pages\/90\/revisions\/212"}],"wp:attachment":[{"href":"https:\/\/hunlease.hu\/wordpress\/wp-json\/wp\/v2\/media?parent=90"}],"curies":[{"name":"wp","href":"https:\/\/api.w.org\/{rel}","templated":true}]}}